{"id":343,"date":"2021-07-14T09:39:55","date_gmt":"2021-07-14T07:39:55","guid":{"rendered":"https:\/\/osnabrueckerweltacker.de\/?page_id=343"},"modified":"2025-03-08T12:18:54","modified_gmt":"2025-03-08T11:18:54","slug":"weltacker-besuchen","status":"publish","type":"page","link":"https:\/\/osnabrueckerweltacker.de\/?page_id=343","title":{"rendered":"Weltacker besuchen"},"content":{"rendered":"\n<p><br><strong>Kommt uns auf dem Osnabr\u00fccker Weltacker besuchen!<\/strong><br><br>Schulklassen oder andere interessierte Gruppen k\u00f6nnen gerne per Mail Kontakt aufnehmen. Wir informieren euch dann \u00fcber unsere Lernf\u00fchrungen und vereinbaren einen Termin mit euch<br>osnabrueckerweltacker@posteo.de<br>Es gibt auch immer etwas zu tun. \ud83d\ude42 Wer helfen, etwas spenden oder sonst irgendwie mitmachen m\u00f6chte, kann uns vor Ort ansprechen oder ebenfalls per Mail kontaktieren.<br><br><strong>Wir freuen uns auf euch! <\/strong><br><img loading=\"lazy\" decoding=\"async\" width=\"300\" height=\"177\" class=\"wp-image-751\" style=\"width: 300px;\" src=\"http:\/\/osnabrueckerweltacker.de\/wp-content\/uploads\/2023\/08\/kontakt.jpg\" alt=\"\" srcset=\"https:\/\/osnabrueckerweltacker.de\/wp-content\/uploads\/2023\/08\/kontakt.jpg 758w, https:\/\/osnabrueckerweltacker.de\/wp-content\/uploads\/2023\/08\/kontakt-300x177.jpg 300w\" sizes=\"auto, (max-width: 300px) 100vw, 300px\" \/><br><\/p>\n\n\n\n<p><\/p>\n\n\n\n<p><strong><mark style=\"background-color:rgba(0, 0, 0, 0);color:#42681b\" class=\"has-inline-color\">Angebote f\u00fcr Schulklassen 2025<\/mark><\/strong><\/p>\n\n\n\n<p><strong>1. Planetengesunde Ern\u00e4hrung und Wertsch\u00e4tzung von Lebensmitteln<\/strong><\/p>\n\n\n\n<p><em>zwei bis drei Termine von Fr\u00fchjahr bis Herbst, Grundschule<\/em><\/p>\n\n\n\n<p>Wir lernen unser Essen kennen! Verschiedene H\u00fclsenfr\u00fcchte auf dem Weltacker d\u00fcrfen an aufeinander folgenden Terminen ausges\u00e4t, gepflegt, geerntet und verspeist werden. Auch das Entdecken des Weltackers mit all seiner Vielfalt und die Frage, wie wir gut mit unseren Nahrungsmitteln umgehen, kommen nicht zu kurz.<\/p>\n\n\n\n<p><strong>2. Ohne Boden kein Essen<\/strong><\/p>\n\n\n\n<p><em>ein Vormittag, Grundschule<\/em><\/p>\n\n\n\n<p>Was ist eigentlich unter unseren F\u00fc\u00dfen los? Was machen die Pflanzen mit ihren Wurzeln und schlafen Regenw\u00fcrmer nachts? Wir erforschen den Boden und alle, die dort leben.<\/p>\n\n\n\n<p><strong>3. Landwirtschaft und Klimawandel<\/strong><\/p>\n\n\n\n<p><em>zwei Stunden bis zwei Vormittage, Grundschule und Mittelstufe<\/em><\/p>\n\n\n\n<p>regional \u2013 saisonal \u2013 nicht egal: Woher kommt mein Essen? Uns wieso ist die Tomate im Dezember nicht egal f\u00fcr das Klima? Und was schmeckt frisch geerntet am besten? Das probieren wir zusammen aus!<\/p>\n\n\n\n<p><strong>4. Fleischkonsum und seine globalen Folgen<\/strong><\/p>\n\n\n\n<p><em>Ackerf\u00fchrung, Mittel- und Oberstufe<\/em><\/p>\n\n\n\n<p>Was hat mein Schnitzel mit dem Regenwald zu tun? Wir begeben uns auf die Suche nach den globalen Zusammenh\u00e4ngen von Fleisch, Hunger und Fl\u00e4chenimporten.<\/p>\n\n\n\n<p>Wenn Sie ein Angebot buchen m\u00f6chten oder Fragen haben, wenden Sie sich gerne an uns!<br>Am einfachsten unter <strong>osnabrueckerweltacker@posteo.de<\/strong><br>Unser Programm ist kostenlos, wir freuen uns aber \u00fcber eine Spende.<br>Der Weltacker liegt am Osnabr\u00fccker Westerberg an der Ecke H\u00e4ndelstrasse\/Carl-Cromme-Weg und ist mit den Buslinien 10 und 20 zu erreichen. Die Haltestelle H\u00e4ndelstrasse liegt in Sichtweite des Ackers.<\/p>\n\n\n\n<p><sup>*Die Planetary health Diet\/Planetengesunde Ern\u00e4hrung ist ein Konzept, das 2019 von der EAT-Lancet-Kommission vorgestellt wurde. Sie stellt einen wissenschaftlich fundierten Rahmen dar, wie eine gesunde Ern\u00e4hrung f\u00fcr bis zu 10 Milliarden Menschen aussehen k\u00f6nnte, die zugleich die planetaren Grenzen der Erde respektiert.<\/sup><\/p>\n","protected":false},"excerpt":{"rendered":"<p>Kommt uns auf dem Osnabr\u00fccker Weltacker besuchen! Schulklassen oder andere interessierte Gruppen k\u00f6nnen gerne per Mail Kontakt aufnehmen. Wir informieren euch dann \u00fcber unsere Lernf\u00fchrungen und vereinbaren einen Termin mit [&hellip;]<\/p>\n","protected":false},"author":1,"featured_media":0,"parent":0,"menu_order":0,"comment_status":"closed","ping_status":"closed","template":"","meta":{"footnotes":""},"class_list":["post-343","page","type-page","status-publish","hentry"],"_links":{"self":[{"href":"https:\/\/osnabrueckerweltacker.de\/index.php?rest_route=\/wp\/v2\/pages\/343","targetHints":{"allow":["GET"]}}],"collection":[{"href":"https:\/\/osnabrueckerweltacker.de\/index.php?rest_route=\/wp\/v2\/pages"}],"about":[{"href":"https:\/\/osnabrueckerweltacker.de\/index.php?rest_route=\/wp\/v2\/types\/page"}],"author":[{"embeddable":true,"href":"https:\/\/osnabrueckerweltacker.de\/index.php?rest_route=\/wp\/v2\/users\/1"}],"replies":[{"embeddable":true,"href":"https:\/\/osnabrueckerweltacker.de\/index.php?rest_route=%2Fwp%2Fv2%2Fcomments&post=343"}],"version-history":[{"count":11,"href":"https:\/\/osnabrueckerweltacker.de\/index.php?rest_route=\/wp\/v2\/pages\/343\/revisions"}],"predecessor-version":[{"id":822,"href":"https:\/\/osnabrueckerweltacker.de\/index.php?rest_route=\/wp\/v2\/pages\/343\/revisions\/822"}],"wp:attachment":[{"href":"https:\/\/osnabrueckerweltacker.de\/index.php?rest_route=%2Fwp%2Fv2%2Fmedia&parent=343"}],"curies":[{"name":"wp","href":"https:\/\/api.w.org\/{rel}","templated":true}]}}