{"id":823,"date":"2025-03-08T12:21:09","date_gmt":"2025-03-08T11:21:09","guid":{"rendered":"https:\/\/osnabrueckerweltacker.de\/?page_id=823"},"modified":"2025-03-08T12:21:09","modified_gmt":"2025-03-08T11:21:09","slug":"mitarbeiten","status":"publish","type":"page","link":"https:\/\/osnabrueckerweltacker.de\/?page_id=823","title":{"rendered":"Mitarbeiten"},"content":{"rendered":"\n<p>Wir suchen Honorarkr\u00e4fte!<br>Du bist gerne drau\u00dfen, magst Kinder und kannst dich mit ihnen zusammen f\u00fcr die Natur begeistern?<br>Dann haben wir einen feinen Job f\u00fcr dich: Wir suchen zwei bis drei engagierte Honorarkr\u00e4fte f\u00fcr die Betreuung der Schulklassen auf unserem Weltacker!<br>Wichtig sind uns Zuverl\u00e4ssigkeit, selbst\u00e4ndiges Arbeiten, ein einf\u00fchlsamer und respektvoller Umgang mit Kindern und entweder schon das n\u00f6tige Fachwissen oder die Bereitschaft, es sich<br>anzueignen.<br>Wir bieten eine gr\u00fcndliche Einarbeitung, ein nettes und engagiertes Team, eine sinnvolle T\u00e4tigkeit<br>und eine faire Bezahlung, selbstverst\u00e4ndlich auch f\u00fcr die Vor- und Nachbereitungszeiten.<br>Melde dich gerne unter osnabrueckerweltacker@posteo.de f\u00fcr R\u00fcckfragen oder ein Kennenlernen.<\/p>\n","protected":false},"excerpt":{"rendered":"<p>Wir suchen Honorarkr\u00e4fte!Du bist gerne drau\u00dfen, magst Kinder und kannst dich mit ihnen zusammen f\u00fcr die Natur begeistern?Dann haben wir einen feinen Job f\u00fcr dich: Wir suchen zwei bis drei [&hellip;]<\/p>\n","protected":false},"author":1,"featured_media":0,"parent":0,"menu_order":0,"comment_status":"closed","ping_status":"closed","template":"","meta":{"footnotes":""},"class_list":["post-823","page","type-page","status-publish","hentry"],"_links":{"self":[{"href":"https:\/\/osnabrueckerweltacker.de\/index.php?rest_route=\/wp\/v2\/pages\/823","targetHints":{"allow":["GET"]}}],"collection":[{"href":"https:\/\/osnabrueckerweltacker.de\/index.php?rest_route=\/wp\/v2\/pages"}],"about":[{"href":"https:\/\/osnabrueckerweltacker.de\/index.php?rest_route=\/wp\/v2\/types\/page"}],"author":[{"embeddable":true,"href":"https:\/\/osnabrueckerweltacker.de\/index.php?rest_route=\/wp\/v2\/users\/1"}],"replies":[{"embeddable":true,"href":"https:\/\/osnabrueckerweltacker.de\/index.php?rest_route=%2Fwp%2Fv2%2Fcomments&post=823"}],"version-history":[{"count":1,"href":"https:\/\/osnabrueckerweltacker.de\/index.php?rest_route=\/wp\/v2\/pages\/823\/revisions"}],"predecessor-version":[{"id":824,"href":"https:\/\/osnabrueckerweltacker.de\/index.php?rest_route=\/wp\/v2\/pages\/823\/revisions\/824"}],"wp:attachment":[{"href":"https:\/\/osnabrueckerweltacker.de\/index.php?rest_route=%2Fwp%2Fv2%2Fmedia&parent=823"}],"curies":[{"name":"wp","href":"https:\/\/api.w.org\/{rel}","templated":true}]}}